{"id":5929,"date":"2019-01-22T08:54:27","date_gmt":"2019-01-22T07:54:27","guid":{"rendered":"http:\/\/euroren.cluster028.hosting.ovh.net\/blog\/"},"modified":"2023-09-20T10:07:16","modified_gmt":"2023-09-20T09:07:16","slug":"blog","status":"publish","type":"page","link":"https:\/\/eurorekruter.com\/fr\/blog\/","title":{"rendered":"Blog"},"content":{"rendered":"\t\t<div data-elementor-type=\"wp-page\" data-elementor-id=\"5929\" class=\"elementor elementor-5929 elementor-15\" data-elementor-post-type=\"page\">\n\t\t\t\t\t\t<section class=\"elementor-section elementor-top-section elementor-element elementor-element-bd12f41 elementor-section-boxed elementor-section-height-default elementor-section-height-default\" data-id=\"bd12f41\" data-element_type=\"section\" data-settings=\"{&quot;background_background&quot;:&quot;classic&quot;,&quot;jet_parallax_layout_list&quot;:[]}\">\n\t\t\t\t\t\t<div class=\"elementor-container elementor-column-gap-no\">\n\t\t\t\t\t<div class=\"elementor-column elementor-col-100 elementor-top-column elementor-element elementor-element-5452cd9\" data-id=\"5452cd9\" data-element_type=\"column\">\n\t\t\t<div class=\"elementor-widget-wrap elementor-element-populated\">\n\t\t\t\t\t\t<div class=\"elementor-element elementor-element-e4c3241 elementor-widget elementor-widget-heading\" data-id=\"e4c3241\" data-element_type=\"widget\" data-widget_type=\"heading.default\">\n\t\t\t\t<div class=\"elementor-widget-container\">\n\t\t\t<style>\/*! elementor - v3.23.0 - 05-08-2024 *\/\n.elementor-heading-title{padding:0;margin:0;line-height:1}.elementor-widget-heading .elementor-heading-title[class*=elementor-size-]>a{color:inherit;font-size:inherit;line-height:inherit}.elementor-widget-heading .elementor-heading-title.elementor-size-small{font-size:15px}.elementor-widget-heading .elementor-heading-title.elementor-size-medium{font-size:19px}.elementor-widget-heading .elementor-heading-title.elementor-size-large{font-size:29px}.elementor-widget-heading .elementor-heading-title.elementor-size-xl{font-size:39px}.elementor-widget-heading .elementor-heading-title.elementor-size-xxl{font-size:59px}<\/style><h1 class=\"elementor-heading-title elementor-size-default\">Blog franco-allemand<\/h1>\t\t<\/div>\n\t\t\t\t<\/div>\n\t\t\t\t<div class=\"elementor-element elementor-element-7204b38 elementor-grid-3 elementor-grid-tablet-2 elementor-grid-mobile-1 elementor-posts--thumbnail-top elementor-card-shadow-yes elementor-posts__hover-gradient elementor-widget elementor-widget-posts\" data-id=\"7204b38\" data-element_type=\"widget\" data-settings=\"{&quot;pagination_type&quot;:&quot;load_more_infinite_scroll&quot;,&quot;cards_columns&quot;:&quot;3&quot;,&quot;cards_columns_tablet&quot;:&quot;2&quot;,&quot;cards_columns_mobile&quot;:&quot;1&quot;,&quot;cards_row_gap&quot;:{&quot;unit&quot;:&quot;px&quot;,&quot;size&quot;:35,&quot;sizes&quot;:[]},&quot;cards_row_gap_tablet&quot;:{&quot;unit&quot;:&quot;px&quot;,&quot;size&quot;:&quot;&quot;,&quot;sizes&quot;:[]},&quot;cards_row_gap_mobile&quot;:{&quot;unit&quot;:&quot;px&quot;,&quot;size&quot;:&quot;&quot;,&quot;sizes&quot;:[]},&quot;load_more_spinner&quot;:{&quot;value&quot;:&quot;fas fa-spinner&quot;,&quot;library&quot;:&quot;fa-solid&quot;}}\" data-widget_type=\"posts.cards\">\n\t\t\t\t<div class=\"elementor-widget-container\">\n\t\t\t<link rel=\"stylesheet\" href=\"https:\/\/eurorekruter.com\/wp-content\/plugins\/elementor-pro\/assets\/css\/widget-posts.min.css\">\t\t<div class=\"elementor-posts-container elementor-posts elementor-posts--skin-cards elementor-grid\">\n\t\t\t\t<article class=\"elementor-post elementor-grid-item post-11661 post type-post status-publish format-standard has-post-thumbnail hentry category-emploi\">\n\t\t\t<div class=\"elementor-post__card\">\n\t\t\t\t<a class=\"elementor-post__thumbnail__link\" href=\"https:\/\/eurorekruter.com\/fr\/trouver-un-emploi-en-allemagne-conseils-pratiques-pour-francophones\/\" tabindex=\"-1\"><div class=\"elementor-post__thumbnail\"><img fetchpriority=\"high\" decoding=\"async\" width=\"768\" height=\"538\" src=\"https:\/\/eurorekruter.com\/wp-content\/uploads\/2025\/06\/blog-banner-trouver-un-emploi-en-allemagne-768x538.jpg\" class=\"attachment-medium_large size-medium_large wp-image-11663\" alt=\"Trouver un emploi en Allemagne\" srcset=\"https:\/\/eurorekruter.com\/wp-content\/uploads\/2025\/06\/blog-banner-trouver-un-emploi-en-allemagne-768x538.jpg 768w, https:\/\/eurorekruter.com\/wp-content\/uploads\/2025\/06\/blog-banner-trouver-un-emploi-en-allemagne-300x210.jpg 300w, https:\/\/eurorekruter.com\/wp-content\/uploads\/2025\/06\/blog-banner-trouver-un-emploi-en-allemagne-878x615.jpg 878w, https:\/\/eurorekruter.com\/wp-content\/uploads\/2025\/06\/blog-banner-trouver-un-emploi-en-allemagne-323x226.jpg 323w, https:\/\/eurorekruter.com\/wp-content\/uploads\/2025\/06\/blog-banner-trouver-un-emploi-en-allemagne-440x308.jpg 440w, https:\/\/eurorekruter.com\/wp-content\/uploads\/2025\/06\/blog-banner-trouver-un-emploi-en-allemagne-675x473.jpg 675w, https:\/\/eurorekruter.com\/wp-content\/uploads\/2025\/06\/blog-banner-trouver-un-emploi-en-allemagne-544x381.jpg 544w, https:\/\/eurorekruter.com\/wp-content\/uploads\/2025\/06\/blog-banner-trouver-un-emploi-en-allemagne.jpg 1000w\" sizes=\"(max-width: 768px) 100vw, 768px\" \/><\/div><\/a>\n\t\t\t\t<div class=\"elementor-post__text\">\n\t\t\t\t<h2 class=\"elementor-post__title\">\n\t\t\t<a href=\"https:\/\/eurorekruter.com\/fr\/trouver-un-emploi-en-allemagne-conseils-pratiques-pour-francophones\/\">\n\t\t\t\tTrouver un emploi en Allemagne : <br>conseils pratiques pour francophones\t\t\t<\/a>\n\t\t<\/h2>\n\t\t\t\t<div class=\"elementor-post__excerpt\">\n\t\t\t<p>S\u2019installer en Allemagne et y trouver un emploi est un projet ambitieux, mais tout \u00e0 fait r\u00e9alisable \u2013 \u00e0 condition d\u2019\u00eatre bien pr\u00e9par\u00e9. Que vous<\/p>\n\t\t<\/div>\n\t\t\n\t\t<a class=\"elementor-post__read-more\" href=\"https:\/\/eurorekruter.com\/fr\/trouver-un-emploi-en-allemagne-conseils-pratiques-pour-francophones\/\" aria-label=\"En savoir plus sur Trouver un emploi en Allemagne : &lt;br&gt;conseils pratiques pour francophones\" tabindex=\"-1\">\n\t\t\tLIRE LA SUITE \u00bb\t\t<\/a>\n\n\t\t\t\t<\/div>\n\t\t\t\t\t<\/div>\n\t\t<\/article>\n\t\t\t\t<article class=\"elementor-post elementor-grid-item post-11484 post type-post status-publish format-standard has-post-thumbnail hentry category-etudes category-emploi\">\n\t\t\t<div class=\"elementor-post__card\">\n\t\t\t\t<a class=\"elementor-post__thumbnail__link\" href=\"https:\/\/eurorekruter.com\/fr\/le-systeme-de-notation-en-allemagne-ce-quil-faut-savoir\/\" tabindex=\"-1\"><div class=\"elementor-post__thumbnail\"><img decoding=\"async\" width=\"768\" height=\"538\" src=\"https:\/\/eurorekruter.com\/wp-content\/uploads\/2025\/04\/blogbild-notensystem-768x538.jpg\" class=\"attachment-medium_large size-medium_large wp-image-11483\" alt=\"Notensystem\" srcset=\"https:\/\/eurorekruter.com\/wp-content\/uploads\/2025\/04\/blogbild-notensystem-768x538.jpg 768w, https:\/\/eurorekruter.com\/wp-content\/uploads\/2025\/04\/blogbild-notensystem-300x210.jpg 300w, https:\/\/eurorekruter.com\/wp-content\/uploads\/2025\/04\/blogbild-notensystem-878x615.jpg 878w, https:\/\/eurorekruter.com\/wp-content\/uploads\/2025\/04\/blogbild-notensystem-323x226.jpg 323w, https:\/\/eurorekruter.com\/wp-content\/uploads\/2025\/04\/blogbild-notensystem-440x308.jpg 440w, https:\/\/eurorekruter.com\/wp-content\/uploads\/2025\/04\/blogbild-notensystem-675x473.jpg 675w, https:\/\/eurorekruter.com\/wp-content\/uploads\/2025\/04\/blogbild-notensystem-544x381.jpg 544w, https:\/\/eurorekruter.com\/wp-content\/uploads\/2025\/04\/blogbild-notensystem.jpg 1000w\" sizes=\"(max-width: 768px) 100vw, 768px\" \/><\/div><\/a>\n\t\t\t\t<div class=\"elementor-post__text\">\n\t\t\t\t<h2 class=\"elementor-post__title\">\n\t\t\t<a href=\"https:\/\/eurorekruter.com\/fr\/le-systeme-de-notation-en-allemagne-ce-quil-faut-savoir\/\">\n\t\t\t\tLe syst\u00e8me de notation en Allemagne : Ce qu&rsquo;il faut savoir pour la candidature\t\t\t<\/a>\n\t\t<\/h2>\n\t\t\t\t<div class=\"elementor-post__excerpt\">\n\t\t\t<p>Pour les \u00e9tudiants qui souhaitent faire une partie de leurs \u00e9tudes en Allemagne, il est essentiel de bien comprendre le syst\u00e8me de notation allemand. En<\/p>\n\t\t<\/div>\n\t\t\n\t\t<a class=\"elementor-post__read-more\" href=\"https:\/\/eurorekruter.com\/fr\/le-systeme-de-notation-en-allemagne-ce-quil-faut-savoir\/\" aria-label=\"En savoir plus sur Le syst\u00e8me de notation en Allemagne : Ce qu&rsquo;il faut savoir pour la candidature\" tabindex=\"-1\">\n\t\t\tLIRE LA SUITE \u00bb\t\t<\/a>\n\n\t\t\t\t<\/div>\n\t\t\t\t\t<\/div>\n\t\t<\/article>\n\t\t\t\t<article class=\"elementor-post elementor-grid-item post-11418 post type-post status-publish format-standard has-post-thumbnail hentry category-culture\">\n\t\t\t<div class=\"elementor-post__card\">\n\t\t\t\t<a class=\"elementor-post__thumbnail__link\" href=\"https:\/\/eurorekruter.com\/fr\/les-jumelages-franco-allemands-une-amitie-qui-depasse-les-frontieres\/\" tabindex=\"-1\"><div class=\"elementor-post__thumbnail\"><img decoding=\"async\" width=\"768\" height=\"538\" src=\"https:\/\/eurorekruter.com\/wp-content\/uploads\/2025\/02\/staedtepartnerschaften-768x538.jpg\" class=\"attachment-medium_large size-medium_large wp-image-11417\" alt=\"St\u00e4dtepartnerschaften\" srcset=\"https:\/\/eurorekruter.com\/wp-content\/uploads\/2025\/02\/staedtepartnerschaften-768x538.jpg 768w, https:\/\/eurorekruter.com\/wp-content\/uploads\/2025\/02\/staedtepartnerschaften-300x210.jpg 300w, https:\/\/eurorekruter.com\/wp-content\/uploads\/2025\/02\/staedtepartnerschaften-878x615.jpg 878w, https:\/\/eurorekruter.com\/wp-content\/uploads\/2025\/02\/staedtepartnerschaften-323x226.jpg 323w, https:\/\/eurorekruter.com\/wp-content\/uploads\/2025\/02\/staedtepartnerschaften-440x308.jpg 440w, https:\/\/eurorekruter.com\/wp-content\/uploads\/2025\/02\/staedtepartnerschaften-675x473.jpg 675w, https:\/\/eurorekruter.com\/wp-content\/uploads\/2025\/02\/staedtepartnerschaften-544x381.jpg 544w, https:\/\/eurorekruter.com\/wp-content\/uploads\/2025\/02\/staedtepartnerschaften.jpg 1000w\" sizes=\"(max-width: 768px) 100vw, 768px\" \/><\/div><\/a>\n\t\t\t\t<div class=\"elementor-post__text\">\n\t\t\t\t<h2 class=\"elementor-post__title\">\n\t\t\t<a href=\"https:\/\/eurorekruter.com\/fr\/les-jumelages-franco-allemands-une-amitie-qui-depasse-les-frontieres\/\">\n\t\t\t\tLes jumelages franco-allemands &#8211; une amiti\u00e9 qui d\u00e9passe les fronti\u00e8res\t\t\t<\/a>\n\t\t<\/h2>\n\t\t\t\t<div class=\"elementor-post__excerpt\">\n\t\t\t<p>Les jumelages entre villes ne sont pas qu\u2019un simple panneau \u00e0 l\u2019entr\u00e9e d\u2019une commune \u2013 ils incarnent une amiti\u00e9 vivante entre les peuples et favorisent<\/p>\n\t\t<\/div>\n\t\t\n\t\t<a class=\"elementor-post__read-more\" href=\"https:\/\/eurorekruter.com\/fr\/les-jumelages-franco-allemands-une-amitie-qui-depasse-les-frontieres\/\" aria-label=\"En savoir plus sur Les jumelages franco-allemands &#8211; une amiti\u00e9 qui d\u00e9passe les fronti\u00e8res\" tabindex=\"-1\">\n\t\t\tLIRE LA SUITE \u00bb\t\t<\/a>\n\n\t\t\t\t<\/div>\n\t\t\t\t\t<\/div>\n\t\t<\/article>\n\t\t\t\t<article class=\"elementor-post elementor-grid-item post-11245 post type-post status-publish format-standard has-post-thumbnail hentry category-emploi\">\n\t\t\t<div class=\"elementor-post__card\">\n\t\t\t\t<a class=\"elementor-post__thumbnail__link\" href=\"https:\/\/eurorekruter.com\/fr\/reorientation-professionnelle-a-quoi-faut-il-faire-attention\/\" tabindex=\"-1\"><div class=\"elementor-post__thumbnail\"><img loading=\"lazy\" decoding=\"async\" width=\"768\" height=\"538\" src=\"https:\/\/eurorekruter.com\/wp-content\/uploads\/2021\/01\/eurorekruter-berufswechsel-und-neuorientierung-768x538.jpg\" class=\"attachment-medium_large size-medium_large wp-image-6492\" alt=\"Das Foto zeigt eine Strasse, auf der drei Pfeile abgebildet. Der Pfeil links biegt nach links ab, der Pfeil in der Mitte zeigt geradeaus, der Pfeil rechts biegt nach rechts ab. Die drei Pfeile repr\u00e4sentieren die verschiedenen M\u00f6glichkeiten, sich im Berufsleben neu zu orientieren.\" srcset=\"https:\/\/eurorekruter.com\/wp-content\/uploads\/2021\/01\/eurorekruter-berufswechsel-und-neuorientierung-768x538.jpg 768w, https:\/\/eurorekruter.com\/wp-content\/uploads\/2021\/01\/eurorekruter-berufswechsel-und-neuorientierung-300x210.jpg 300w, https:\/\/eurorekruter.com\/wp-content\/uploads\/2021\/01\/eurorekruter-berufswechsel-und-neuorientierung-878x615.jpg 878w, https:\/\/eurorekruter.com\/wp-content\/uploads\/2021\/01\/eurorekruter-berufswechsel-und-neuorientierung-323x226.jpg 323w, https:\/\/eurorekruter.com\/wp-content\/uploads\/2021\/01\/eurorekruter-berufswechsel-und-neuorientierung-440x308.jpg 440w, https:\/\/eurorekruter.com\/wp-content\/uploads\/2021\/01\/eurorekruter-berufswechsel-und-neuorientierung-675x473.jpg 675w, https:\/\/eurorekruter.com\/wp-content\/uploads\/2021\/01\/eurorekruter-berufswechsel-und-neuorientierung-544x381.jpg 544w, https:\/\/eurorekruter.com\/wp-content\/uploads\/2021\/01\/eurorekruter-berufswechsel-und-neuorientierung.jpg 1000w\" sizes=\"(max-width: 768px) 100vw, 768px\" \/><\/div><\/a>\n\t\t\t\t<div class=\"elementor-post__text\">\n\t\t\t\t<h2 class=\"elementor-post__title\">\n\t\t\t<a href=\"https:\/\/eurorekruter.com\/fr\/reorientation-professionnelle-a-quoi-faut-il-faire-attention\/\">\n\t\t\t\tR\u00e9orientation professionnelle &#8211; \u00e0 quoi faut-il faire attention ?\t\t\t<\/a>\n\t\t<\/h2>\n\t\t\t\t<div class=\"elementor-post__excerpt\">\n\t\t\t<p>Lorsqu&rsquo;on a d\u00e9j\u00e0 plusieurs ann\u00e9es d&rsquo;exp\u00e9rience professionnelle derri\u00e8re soi, il arrive parfois un moment o\u00f9 l&rsquo;on ressent l&rsquo;envie de changer de voie. Parfois, des circonstances<\/p>\n\t\t<\/div>\n\t\t\n\t\t<a class=\"elementor-post__read-more\" href=\"https:\/\/eurorekruter.com\/fr\/reorientation-professionnelle-a-quoi-faut-il-faire-attention\/\" aria-label=\"En savoir plus sur R\u00e9orientation professionnelle &#8211; \u00e0 quoi faut-il faire attention ?\" tabindex=\"-1\">\n\t\t\tLIRE LA SUITE \u00bb\t\t<\/a>\n\n\t\t\t\t<\/div>\n\t\t\t\t\t<\/div>\n\t\t<\/article>\n\t\t\t\t<article class=\"elementor-post elementor-grid-item post-5884 post type-post status-publish format-standard has-post-thumbnail hentry category-emploi category-expatriation\">\n\t\t\t<div class=\"elementor-post__card\">\n\t\t\t\t<a class=\"elementor-post__thumbnail__link\" href=\"https:\/\/eurorekruter.com\/fr\/travailler-en-allemagne\/\" tabindex=\"-1\"><div class=\"elementor-post__thumbnail\"><img loading=\"lazy\" decoding=\"async\" width=\"768\" height=\"538\" src=\"https:\/\/eurorekruter.com\/wp-content\/uploads\/2021\/03\/arbeiten-in-frankreich-neue-version-768x538.jpg\" class=\"attachment-medium_large size-medium_large wp-image-11139\" alt=\"Das Bild zeigt eine Gruppe von Personen, die eine andere Person willkommen hei.\" srcset=\"https:\/\/eurorekruter.com\/wp-content\/uploads\/2021\/03\/arbeiten-in-frankreich-neue-version-768x538.jpg 768w, https:\/\/eurorekruter.com\/wp-content\/uploads\/2021\/03\/arbeiten-in-frankreich-neue-version-300x210.jpg 300w, https:\/\/eurorekruter.com\/wp-content\/uploads\/2021\/03\/arbeiten-in-frankreich-neue-version-878x615.jpg 878w, https:\/\/eurorekruter.com\/wp-content\/uploads\/2021\/03\/arbeiten-in-frankreich-neue-version-323x226.jpg 323w, https:\/\/eurorekruter.com\/wp-content\/uploads\/2021\/03\/arbeiten-in-frankreich-neue-version-440x308.jpg 440w, https:\/\/eurorekruter.com\/wp-content\/uploads\/2021\/03\/arbeiten-in-frankreich-neue-version-675x473.jpg 675w, https:\/\/eurorekruter.com\/wp-content\/uploads\/2021\/03\/arbeiten-in-frankreich-neue-version-544x381.jpg 544w, https:\/\/eurorekruter.com\/wp-content\/uploads\/2021\/03\/arbeiten-in-frankreich-neue-version.jpg 1000w\" sizes=\"(max-width: 768px) 100vw, 768px\" \/><\/div><\/a>\n\t\t\t\t<div class=\"elementor-post__text\">\n\t\t\t\t<h2 class=\"elementor-post__title\">\n\t\t\t<a href=\"https:\/\/eurorekruter.com\/fr\/travailler-en-allemagne\/\">\n\t\t\t\tTravailler en Allemagne\t\t\t<\/a>\n\t\t<\/h2>\n\t\t\t\t<div class=\"elementor-post__excerpt\">\n\t\t\t<p>Dans le cadre d\u2019une expatriation en Allemagne ou avant une premi\u00e8re exp\u00e9rience professionnelle dans le pays voisin, il est utile de savoir ce qui est<\/p>\n\t\t<\/div>\n\t\t\n\t\t<a class=\"elementor-post__read-more\" href=\"https:\/\/eurorekruter.com\/fr\/travailler-en-allemagne\/\" aria-label=\"En savoir plus sur Travailler en Allemagne\" tabindex=\"-1\">\n\t\t\tLIRE LA SUITE \u00bb\t\t<\/a>\n\n\t\t\t\t<\/div>\n\t\t\t\t\t<\/div>\n\t\t<\/article>\n\t\t\t\t<article class=\"elementor-post elementor-grid-item post-11033 post type-post status-publish format-standard has-post-thumbnail hentry category-culture category-langue\">\n\t\t\t<div class=\"elementor-post__card\">\n\t\t\t\t<a class=\"elementor-post__thumbnail__link\" href=\"https:\/\/eurorekruter.com\/fr\/programmes-de-vacances-franco-allemandes\/\" tabindex=\"-1\"><div class=\"elementor-post__thumbnail\"><img loading=\"lazy\" decoding=\"async\" width=\"768\" height=\"538\" src=\"https:\/\/eurorekruter.com\/wp-content\/uploads\/2024\/04\/blog-banner-1000700px-1-768x538.jpg\" class=\"attachment-medium_large size-medium_large wp-image-11032\" alt=\"Feriencamps\" srcset=\"https:\/\/eurorekruter.com\/wp-content\/uploads\/2024\/04\/blog-banner-1000700px-1-768x538.jpg 768w, https:\/\/eurorekruter.com\/wp-content\/uploads\/2024\/04\/blog-banner-1000700px-1-300x210.jpg 300w, https:\/\/eurorekruter.com\/wp-content\/uploads\/2024\/04\/blog-banner-1000700px-1-878x615.jpg 878w, https:\/\/eurorekruter.com\/wp-content\/uploads\/2024\/04\/blog-banner-1000700px-1-323x226.jpg 323w, https:\/\/eurorekruter.com\/wp-content\/uploads\/2024\/04\/blog-banner-1000700px-1-440x308.jpg 440w, https:\/\/eurorekruter.com\/wp-content\/uploads\/2024\/04\/blog-banner-1000700px-1-675x473.jpg 675w, https:\/\/eurorekruter.com\/wp-content\/uploads\/2024\/04\/blog-banner-1000700px-1-544x381.jpg 544w, https:\/\/eurorekruter.com\/wp-content\/uploads\/2024\/04\/blog-banner-1000700px-1.jpg 1000w\" sizes=\"(max-width: 768px) 100vw, 768px\" \/><\/div><\/a>\n\t\t\t\t<div class=\"elementor-post__text\">\n\t\t\t\t<h2 class=\"elementor-post__title\">\n\t\t\t<a href=\"https:\/\/eurorekruter.com\/fr\/programmes-de-vacances-franco-allemandes\/\">\n\t\t\t\tProgrammes de vacances franco-allemandes\t\t\t<\/a>\n\t\t<\/h2>\n\t\t\t\t<div class=\"elementor-post__excerpt\">\n\t\t\t<p>Il existe de formidables opportunit\u00e9s pour les familles franco-allemandes ou celles qui s&rsquo;int\u00e9ressent \u00e0 la langue et \u00e0 la culture du pays voisin, de permettre<\/p>\n\t\t<\/div>\n\t\t\n\t\t<a class=\"elementor-post__read-more\" href=\"https:\/\/eurorekruter.com\/fr\/programmes-de-vacances-franco-allemandes\/\" aria-label=\"En savoir plus sur Programmes de vacances franco-allemandes\" tabindex=\"-1\">\n\t\t\tLIRE LA SUITE \u00bb\t\t<\/a>\n\n\t\t\t\t<\/div>\n\t\t\t\t\t<\/div>\n\t\t<\/article>\n\t\t\t\t<\/div>\n\t\t\t\t\t<span class=\"e-load-more-spinner\">\n\t\t\t\t<i aria-hidden=\"true\" class=\"fas fa-spinner\"><\/i>\t\t\t<\/span>\n\t\t\n\t\t\t\t<div class=\"e-load-more-anchor\" data-page=\"1\" data-max-page=\"7\" data-next-page=\"https:\/\/eurorekruter.com\/fr\/wp-json\/wp\/v2\/pages\/5929\/page\/2\/\"><\/div>\n\t\t\t\t<div class=\"e-load-more-message\"><\/div>\n\t\t\t\t<\/div>\n\t\t\t\t<\/div>\n\t\t\t\t\t<\/div>\n\t\t<\/div>\n\t\t\t\t\t<\/div>\n\t\t<\/section>\n\t\t\n        \t\t<\/div>\n\t\t","protected":false},"excerpt":{"rendered":"<p>Blog franco-allemand<\/p>\n","protected":false},"author":2,"featured_media":0,"parent":0,"menu_order":0,"comment_status":"closed","ping_status":"closed","template":"elementor_header_footer","meta":{"_acf_changed":false,"rank_math_lock_modified_date":false,"footnotes":""},"class_list":["post-5929","page","type-page","status-publish","hentry"],"acf":[],"_links":{"self":[{"href":"https:\/\/eurorekruter.com\/fr\/wp-json\/wp\/v2\/pages\/5929","targetHints":{"allow":["GET"]}}],"collection":[{"href":"https:\/\/eurorekruter.com\/fr\/wp-json\/wp\/v2\/pages"}],"about":[{"href":"https:\/\/eurorekruter.com\/fr\/wp-json\/wp\/v2\/types\/page"}],"author":[{"embeddable":true,"href":"https:\/\/eurorekruter.com\/fr\/wp-json\/wp\/v2\/users\/2"}],"replies":[{"embeddable":true,"href":"https:\/\/eurorekruter.com\/fr\/wp-json\/wp\/v2\/comments?post=5929"}],"version-history":[{"count":24,"href":"https:\/\/eurorekruter.com\/fr\/wp-json\/wp\/v2\/pages\/5929\/revisions"}],"predecessor-version":[{"id":10284,"href":"https:\/\/eurorekruter.com\/fr\/wp-json\/wp\/v2\/pages\/5929\/revisions\/10284"}],"wp:attachment":[{"href":"https:\/\/eurorekruter.com\/fr\/wp-json\/wp\/v2\/media?parent=5929"}],"curies":[{"name":"wp","href":"https:\/\/api.w.org\/{rel}","templated":true}]}}