{"id":8153,"date":"2021-02-16T11:09:05","date_gmt":"2021-02-16T10:09:05","guid":{"rendered":"http:\/\/euroren.cluster028.hosting.ovh.net\/stellenangebote\/"},"modified":"2023-09-12T10:58:43","modified_gmt":"2023-09-12T09:58:43","slug":"offres","status":"publish","type":"page","link":"https:\/\/eurorekruter.com\/fr\/offres\/","title":{"rendered":"Offres d&#8217;emploi"},"content":{"rendered":"\t\t<div data-elementor-type=\"wp-page\" data-elementor-id=\"8153\" class=\"elementor elementor-8153 elementor-2796\" data-elementor-post-type=\"page\">\n\t\t\t\t\t\t<section class=\"elementor-section elementor-top-section elementor-element elementor-element-6aae483 elementor-section-boxed elementor-section-height-default elementor-section-height-default\" data-id=\"6aae483\" data-element_type=\"section\" data-settings=\"{&quot;background_background&quot;:&quot;classic&quot;,&quot;jet_parallax_layout_list&quot;:[]}\">\n\t\t\t\t\t\t<div class=\"elementor-container elementor-column-gap-default\">\n\t\t\t\t\t<div class=\"elementor-column elementor-col-33 elementor-top-column elementor-element elementor-element-ab99ca8\" data-id=\"ab99ca8\" data-element_type=\"column\">\n\t\t\t<div class=\"elementor-widget-wrap elementor-element-populated\">\n\t\t\t\t\t\t<div class=\"elementor-element elementor-element-865c4c5 elementor-widget elementor-widget-sidebar\" data-id=\"865c4c5\" data-element_type=\"widget\" data-widget_type=\"sidebar.default\">\n\t\t\t\t<div class=\"elementor-widget-container\">\n\t\t\t<section id=\"tz_job_categories-2\" class=\"widget tz-job-categories\"><h3 class=\"widget-title\">Lieu de travail<\/h3>\n            <ul>\n                \t<li class=\"cat-item cat-item-92\"><a href=\"https:\/\/eurorekruter.com\/fr\/?taxonomy=job_listing_category&#038;term=allemagne\">Allemagne<\/a> (1)\n<\/li>\n\t<li class=\"cat-item cat-item-93\"><a href=\"https:\/\/eurorekruter.com\/fr\/?taxonomy=job_listing_category&#038;term=france\">France<\/a> (5)\n<\/li>\n\t<li class=\"cat-item cat-item-94\"><a href=\"https:\/\/eurorekruter.com\/fr\/?taxonomy=job_listing_category&#038;term=travail-a-domicile-allemagne\">Home Office Allemagne<\/a> (2)\n<\/li>\n\t<li class=\"cat-item cat-item-95\"><a href=\"https:\/\/eurorekruter.com\/fr\/?taxonomy=job_listing_category&#038;term=travail-a-domicile-france\">Home Office France<\/a> (1)\n<\/li>\n\t<li class=\"cat-item cat-item-106\"><a href=\"https:\/\/eurorekruter.com\/fr\/?taxonomy=job_listing_category&#038;term=belgique\">Belgique<\/a> (0)\n<\/li>\n\t<li class=\"cat-item cat-item-108\"><a href=\"https:\/\/eurorekruter.com\/fr\/?taxonomy=job_listing_category&#038;term=home-office-autriche\">Home Office Autriche<\/a> (0)\n<\/li>\n\t<li class=\"cat-item cat-item-111\"><a href=\"https:\/\/eurorekruter.com\/fr\/?taxonomy=job_listing_category&#038;term=autriche-2\">Autriche<\/a> (1)\n<\/li>\n            <\/ul>\n            <a class=\"tz-jm-filters-reset\" href=\"javascript:null\">R\u00e9initialiser<\/a>\n            <\/section><section id=\"tz_job_types-2\" class=\"widget tz-job-types\"><h3 class=\"widget-title\">Type de contrat<\/h3>\n            <ul>\n                \t<li class=\"cat-item cat-item-96\"><a href=\"https:\/\/eurorekruter.com\/fr\/?taxonomy=job_listing_type&#038;term=contrat-de-travail-a-duree-indeterminee\">CDI<\/a> (6)\n<\/li>\n\t<li class=\"cat-item cat-item-97\"><a href=\"https:\/\/eurorekruter.com\/fr\/?taxonomy=job_listing_type&#038;term=contrat-de-travail-a-duree-determinee\">CDD<\/a> (2)\n<\/li>\n\t<li class=\"cat-item cat-item-98\"><a href=\"https:\/\/eurorekruter.com\/fr\/?taxonomy=job_listing_type&#038;term=stage\">Stage<\/a> (0)\n<\/li>\n\t<li class=\"cat-item cat-item-99\"><a href=\"https:\/\/eurorekruter.com\/fr\/?taxonomy=job_listing_type&#038;term=etudes-en-alternance\">Alternance<\/a> (0)\n<\/li>\n\t<li class=\"cat-item cat-item-100\"><a href=\"https:\/\/eurorekruter.com\/fr\/?taxonomy=job_listing_type&#038;term=freelance-fr\">Freelance<\/a> (0)\n<\/li>\n            <\/ul>\n            <a class=\"tz-jm-filters-reset\" href=\"javascript:null\">R\u00e9initialiser<\/a>\n            <\/section>\t\t<\/div>\n\t\t\t\t<\/div>\n\t\t\t\t\t<\/div>\n\t\t<\/div>\n\t\t\t\t<div class=\"elementor-column elementor-col-66 elementor-top-column elementor-element elementor-element-417c2b8\" data-id=\"417c2b8\" data-element_type=\"column\">\n\t\t\t<div class=\"elementor-widget-wrap elementor-element-populated\">\n\t\t\t\t\t\t<div class=\"elementor-element elementor-element-6c87fb8 elementor-widget elementor-widget-shortcode\" data-id=\"6c87fb8\" data-element_type=\"widget\" data-widget_type=\"shortcode.default\">\n\t\t\t\t<div class=\"elementor-widget-container\">\n\t\t\t\t\t<div class=\"elementor-shortcode\">        <div class=\"tz-job-ext-heading\">\n        \n        <h1 class=\"entry-title job-page-title\">\n            Emplois actuellement disponibles        <\/h1>\n\n                <ul class=\"tz-job-listing-layout\">\n            <li><a class=\"list\" title=\"List view\" rel=\"nofollow\" href=\"javascript:null\"><\/a><\/li>\n            <li><a class=\"grid selected\" rel=\"nofollow\" title=\"Grid view\" href=\"javascript:null\"><\/a><\/li>\n        <\/ul>\n                <a rel=\"nofollow\" title=\"Order ascending\/descending\" id=\"sort-by\" class=\"sort-up\" href=\"javascript:null\"><\/a>\n        <select id=\"tz-jobs-listing-order\" class=\"\">\n            <option value=\"featured\">Featured<\/option>\n            <option value=\"title\">Title<\/option>\n            <option value=\"ID\">Num\u00e9ro de r\u00e9f\u00e9rence<\/option>\n            <option value=\"name\">Name<\/option>\n            <option value=\"date\">Date<\/option>\n            <option value=\"modified\">Modified<\/option>\n            <option value=\"rand\">Random<\/option>\n            <option value=\"rand_featured\">Random Featured<\/option>\n        <\/select>\n                <\/div>\n        <div class=\"job_listings\" data-location=\"\" data-keywords=\"\" data-show_filters=\"false\" data-show_pagination=\"false\" data-per_page=\"50\" data-orderby=\"featured\" data-order=\"DESC\" data-categories=\"\" data-disable-form-state-storage=\"\" data-post_id=\"11760\" ><ul class=\"job_listings\">\n<li class=\"post-11908 job_listing type-job_listing status-publish has-post-thumbnail hentry job-type-cdi\" data-longitude=\"\" data-latitude=\"\">\n    <div class=\"job-container\">\n                <div class=\"job-company-logo\">\n            <a href=\"https:\/\/eurorekruter.com\/fr\/job\/executive-vice-president-evp-sales-europe\/\" target=\"_blank\">\n                            <img decoding=\"async\" class=\"company_logo\" src=\"https:\/\/eurorekruter.com\/wp-content\/uploads\/2023\/09\/gbo-gross-150x150.jpg\" alt=\"Executive Vice President (EVP) Sales \u2013 Europe\">\n                    <\/a>\n            <div class=\"grid-show heading-left\">\n                <div class=\"company\">GBO Human Resources<\/div>\n                <div class=\"date\"><time datetime=\"2026-03-05\">Posted 1 mois ago<\/time><\/div>\n                            <\/div>\n        <\/div>        \n        <div class=\"job-content\">\n            <a href=\"https:\/\/eurorekruter.com\/fr\/job\/executive-vice-president-evp-sales-europe\/\" target=\"_blank\">\n                <div class=\"position\">\n                    <h2 class=\"maxtitle-2\">Executive Vice President (EVP) Sales \u2013 Europe<\/h2>\n                <\/div>\n                <ul class=\"meta\">\n                                        <li class=\"grid-hide company\">\n                        GBO Human Resources                                            <\/li>\n                    <li class=\"location\">\n                        Homeoffice en Allemagne ou en France                    <\/li>\n                                                                                                <li class=\"job-type contrat-de-travail-a-duree-indeterminee\">CDI<\/li>\n                                                                                <\/ul>\n            <\/a>\n        <\/div>\n        <div class=\"job-actions\">\n            <div class=\"buttons\">\n                                <a href=\"https:\/\/eurorekruter.com\/fr\/job\/executive-vice-president-evp-sales-europe\/\" target=\"_blank\" class=\"button job-apply-now\">Job details<\/a>\n                <a class=\"job-watched\" data-jobid=\"11908\" href=\"javascript:null\"><\/a>\n                <span class=\"w-hint jobid-11908\" ><\/span>\n            <\/div>\n        <\/div>\n    <\/div>\n<\/li><li class=\"post-11904 job_listing type-job_listing status-publish has-post-thumbnail hentry job-type-cdi\" data-longitude=\"\" data-latitude=\"\">\n    <div class=\"job-container\">\n                <div class=\"job-company-logo\">\n            <a href=\"https:\/\/eurorekruter.com\/fr\/job\/area-sales-manager-h-f-d-secteur-hospitality-sud-de-lallemagne\/\" target=\"_blank\">\n                            <img decoding=\"async\" class=\"company_logo\" src=\"https:\/\/eurorekruter.com\/wp-content\/uploads\/2023\/09\/eurorekruter-150x150.png\" alt=\"Area Sales Manager (H\/F\/D) \u2013 Secteur Hospitality \u2013 Sud de l&rsquo;Allemagne\">\n                    <\/a>\n            <div class=\"grid-show heading-left\">\n                <div class=\"company\">EuroRekruter<\/div>\n                <div class=\"date\"><time datetime=\"2026-02-23\">Posted 1 mois ago<\/time><\/div>\n                            <\/div>\n        <\/div>        \n        <div class=\"job-content\">\n            <a href=\"https:\/\/eurorekruter.com\/fr\/job\/area-sales-manager-h-f-d-secteur-hospitality-sud-de-lallemagne\/\" target=\"_blank\">\n                <div class=\"position\">\n                    <h2 class=\"maxtitle-2\">Area Sales Manager (H\/F\/D) \u2013 Secteur Hospitality \u2013 Sud de l&rsquo;Allemagne<\/h2>\n                <\/div>\n                <ul class=\"meta\">\n                                        <li class=\"grid-hide company\">\n                        EuroRekruter                                            <\/li>\n                    <li class=\"location\">\n                        Home Office dans le sud de l'Allemagne                    <\/li>\n                                                                                                <li class=\"job-type contrat-de-travail-a-duree-indeterminee\">CDI<\/li>\n                                                                                <\/ul>\n            <\/a>\n        <\/div>\n        <div class=\"job-actions\">\n            <div class=\"buttons\">\n                                <a href=\"https:\/\/eurorekruter.com\/fr\/job\/area-sales-manager-h-f-d-secteur-hospitality-sud-de-lallemagne\/\" target=\"_blank\" class=\"button job-apply-now\">Job details<\/a>\n                <a class=\"job-watched\" data-jobid=\"11904\" href=\"javascript:null\"><\/a>\n                <span class=\"w-hint jobid-11904\" ><\/span>\n            <\/div>\n        <\/div>\n    <\/div>\n<\/li><li class=\"post-11886 job_listing type-job_listing status-publish has-post-thumbnail hentry job-type-cdi\" data-longitude=\"\" data-latitude=\"\">\n    <div class=\"job-container\">\n                <div class=\"job-company-logo\">\n            <a href=\"https:\/\/eurorekruter.com\/fr\/job\/technicien-de-maintenance-et-support-terrain-h-f-d-marine-france-systemes-de-guerre-electronique\/\" target=\"_blank\">\n                            <img decoding=\"async\" class=\"company_logo\" src=\"https:\/\/eurorekruter.com\/wp-content\/uploads\/2026\/02\/elt-group-150x150.jpg\" alt=\"Technicien de service sur site pour la marine fran\u00e7aise (H\/F\/D) &#8211; syst\u00e8mes de guerre \u00e9lectroniques\">\n                    <\/a>\n            <div class=\"grid-show heading-left\">\n                <div class=\"company\">ELT Group (Elettronica GmbH)<\/div>\n                <div class=\"date\"><time datetime=\"2026-02-18\">Posted 2 mois ago<\/time><\/div>\n                            <\/div>\n        <\/div>        \n        <div class=\"job-content\">\n            <a href=\"https:\/\/eurorekruter.com\/fr\/job\/technicien-de-maintenance-et-support-terrain-h-f-d-marine-france-systemes-de-guerre-electronique\/\" target=\"_blank\">\n                <div class=\"position\">\n                    <h2 class=\"maxtitle-2\">Technicien de service sur site pour la marine fran\u00e7aise (H\/F\/D) &#8211; syst\u00e8mes de guerre \u00e9lectroniques<\/h2>\n                <\/div>\n                <ul class=\"meta\">\n                                        <li class=\"grid-hide company\">\n                        ELT Group (Elettronica GmbH)                                            <\/li>\n                    <li class=\"location\">\n                        Toulon (FR)                    <\/li>\n                                                                                                <li class=\"job-type contrat-de-travail-a-duree-indeterminee\">CDI<\/li>\n                                                                                <\/ul>\n            <\/a>\n        <\/div>\n        <div class=\"job-actions\">\n            <div class=\"buttons\">\n                                <a href=\"https:\/\/eurorekruter.com\/fr\/job\/technicien-de-maintenance-et-support-terrain-h-f-d-marine-france-systemes-de-guerre-electronique\/\" target=\"_blank\" class=\"button job-apply-now\">Job details<\/a>\n                <a class=\"job-watched\" data-jobid=\"11886\" href=\"javascript:null\"><\/a>\n                <span class=\"w-hint jobid-11886\" ><\/span>\n            <\/div>\n        <\/div>\n    <\/div>\n<\/li><li class=\"post-11878 job_listing type-job_listing status-publish has-post-thumbnail hentry job-type-cdd\" data-longitude=\"\" data-latitude=\"\">\n    <div class=\"job-container\">\n                <div class=\"job-company-logo\">\n            <a href=\"https:\/\/eurorekruter.com\/fr\/job\/charge-de-clientele-anwb-bilingue-neerlandais-h-f-d\/\" target=\"_blank\">\n                            <img decoding=\"async\" class=\"company_logo\" src=\"https:\/\/eurorekruter.com\/wp-content\/uploads\/2026\/02\/arc-europe-150x150.jpg\" alt=\"Charg\u00e9 de Client\u00e8le ANWB &#8211; Bilingue N\u00e9erlandais (H\/F\/D)\">\n                    <\/a>\n            <div class=\"grid-show heading-left\">\n                <div class=\"company\">ARC Europe<\/div>\n                <div class=\"date\"><time datetime=\"2026-02-17\">Posted 2 mois ago<\/time><\/div>\n                            <\/div>\n        <\/div>        \n        <div class=\"job-content\">\n            <a href=\"https:\/\/eurorekruter.com\/fr\/job\/charge-de-clientele-anwb-bilingue-neerlandais-h-f-d\/\" target=\"_blank\">\n                <div class=\"position\">\n                    <h2 class=\"maxtitle-2\">Charg\u00e9 de Client\u00e8le ANWB &#8211; Bilingue N\u00e9erlandais (H\/F\/D)<\/h2>\n                <\/div>\n                <ul class=\"meta\">\n                                        <li class=\"grid-hide company\">\n                        ARC Europe                                            <\/li>\n                    <li class=\"location\">\n                        Lyon (FR)                    <\/li>\n                                                                                                <li class=\"job-type contrat-de-travail-a-duree-determinee\">CDD<\/li>\n                                                                                <\/ul>\n            <\/a>\n        <\/div>\n        <div class=\"job-actions\">\n            <div class=\"buttons\">\n                                <a href=\"https:\/\/eurorekruter.com\/fr\/job\/charge-de-clientele-anwb-bilingue-neerlandais-h-f-d\/\" target=\"_blank\" class=\"button job-apply-now\">Job details<\/a>\n                <a class=\"job-watched\" data-jobid=\"11878\" href=\"javascript:null\"><\/a>\n                <span class=\"w-hint jobid-11878\" ><\/span>\n            <\/div>\n        <\/div>\n    <\/div>\n<\/li><li class=\"post-11876 job_listing type-job_listing status-publish has-post-thumbnail hentry job-type-cdd\" data-longitude=\"\" data-latitude=\"\">\n    <div class=\"job-container\">\n                <div class=\"job-company-logo\">\n            <a href=\"https:\/\/eurorekruter.com\/fr\/job\/charge-de-clientele-bilingue-allemand-h-f-d\/\" target=\"_blank\">\n                            <img decoding=\"async\" class=\"company_logo\" src=\"https:\/\/eurorekruter.com\/wp-content\/uploads\/2024\/01\/adac-1-150x150.jpg\" alt=\"Charg\u00e9 de Client\u00e8le &#8211; Bilingue Allemand (H\/F\/D)\">\n                    <\/a>\n            <div class=\"grid-show heading-left\">\n                <div class=\"company\">ADAC (ARC Europe)<\/div>\n                <div class=\"date\"><time datetime=\"2026-02-17\">Posted 2 mois ago<\/time><\/div>\n                            <\/div>\n        <\/div>        \n        <div class=\"job-content\">\n            <a href=\"https:\/\/eurorekruter.com\/fr\/job\/charge-de-clientele-bilingue-allemand-h-f-d\/\" target=\"_blank\">\n                <div class=\"position\">\n                    <h2 class=\"maxtitle-2\">Charg\u00e9 de Client\u00e8le &#8211; Bilingue Allemand (H\/F\/D)<\/h2>\n                <\/div>\n                <ul class=\"meta\">\n                                        <li class=\"grid-hide company\">\n                        ADAC (ARC Europe)                                            <\/li>\n                    <li class=\"location\">\n                        Lyon (FR)                    <\/li>\n                                                                                                <li class=\"job-type contrat-de-travail-a-duree-determinee\">CDD<\/li>\n                                                                                <\/ul>\n            <\/a>\n        <\/div>\n        <div class=\"job-actions\">\n            <div class=\"buttons\">\n                                <a href=\"https:\/\/eurorekruter.com\/fr\/job\/charge-de-clientele-bilingue-allemand-h-f-d\/\" target=\"_blank\" class=\"button job-apply-now\">Job details<\/a>\n                <a class=\"job-watched\" data-jobid=\"11876\" href=\"javascript:null\"><\/a>\n                <span class=\"w-hint jobid-11876\" ><\/span>\n            <\/div>\n        <\/div>\n    <\/div>\n<\/li><li class=\"post-11870 job_listing type-job_listing status-publish has-post-thumbnail hentry job-type-cdi\" data-longitude=\"\" data-latitude=\"\">\n    <div class=\"job-container\">\n                <div class=\"job-company-logo\">\n            <a href=\"https:\/\/eurorekruter.com\/fr\/job\/chef-de-projet-crm-franco-allemand-h-f-d\/\" target=\"_blank\">\n                            <img decoding=\"async\" class=\"company_logo\" src=\"https:\/\/eurorekruter.com\/wp-content\/uploads\/2023\/09\/eurorekruter-150x150.png\" alt=\"Chef de Projet CRM franco-allemand (H\/F\/D)\">\n                    <\/a>\n            <div class=\"grid-show heading-left\">\n                <div class=\"company\">EuroRekruter<\/div>\n                <div class=\"date\"><time datetime=\"2026-02-13\">Posted 2 mois ago<\/time><\/div>\n                            <\/div>\n        <\/div>        \n        <div class=\"job-content\">\n            <a href=\"https:\/\/eurorekruter.com\/fr\/job\/chef-de-projet-crm-franco-allemand-h-f-d\/\" target=\"_blank\">\n                <div class=\"position\">\n                    <h2 class=\"maxtitle-2\">Chef de Projet CRM franco-allemand (H\/F\/D)<\/h2>\n                <\/div>\n                <ul class=\"meta\">\n                                        <li class=\"grid-hide company\">\n                        EuroRekruter                                            <\/li>\n                    <li class=\"location\">\n                        Paris (FR)                    <\/li>\n                                                                                                <li class=\"job-type contrat-de-travail-a-duree-indeterminee\">CDI<\/li>\n                                                                                <\/ul>\n            <\/a>\n        <\/div>\n        <div class=\"job-actions\">\n            <div class=\"buttons\">\n                                <a href=\"https:\/\/eurorekruter.com\/fr\/job\/chef-de-projet-crm-franco-allemand-h-f-d\/\" target=\"_blank\" class=\"button job-apply-now\">Job details<\/a>\n                <a class=\"job-watched\" data-jobid=\"11870\" href=\"javascript:null\"><\/a>\n                <span class=\"w-hint jobid-11870\" ><\/span>\n            <\/div>\n        <\/div>\n    <\/div>\n<\/li><li class=\"post-11842 job_listing type-job_listing status-publish has-post-thumbnail hentry job-type-cdi\" data-longitude=\"\" data-latitude=\"\">\n    <div class=\"job-container\">\n                <div class=\"job-company-logo\">\n            <a href=\"https:\/\/eurorekruter.com\/fr\/job\/sales-manager-france-h-f-d-solutions-modulaires-b2b\/\" target=\"_blank\">\n                            <img decoding=\"async\" class=\"company_logo\" src=\"https:\/\/eurorekruter.com\/wp-content\/uploads\/2023\/09\/eurorekruter-150x150.png\" alt=\"Sales Manager France (H\/F\/D) \u2013 Solutions modulaires B2B\">\n                    <\/a>\n            <div class=\"grid-show heading-left\">\n                <div class=\"company\">EuroRekruter<\/div>\n                <div class=\"date\"><time datetime=\"2026-01-16\">Posted 3 mois ago<\/time><\/div>\n                            <\/div>\n        <\/div>        \n        <div class=\"job-content\">\n            <a href=\"https:\/\/eurorekruter.com\/fr\/job\/sales-manager-france-h-f-d-solutions-modulaires-b2b\/\" target=\"_blank\">\n                <div class=\"position\">\n                    <h2 class=\"maxtitle-2\">Sales Manager France (H\/F\/D) \u2013 Solutions modulaires B2B<\/h2>\n                <\/div>\n                <ul class=\"meta\">\n                                        <li class=\"grid-hide company\">\n                        EuroRekruter                                            <\/li>\n                    <li class=\"location\">\n                        R\u00e9gion de Vienne (AT)                    <\/li>\n                                                                                                <li class=\"job-type contrat-de-travail-a-duree-indeterminee\">CDI<\/li>\n                                                                                <\/ul>\n            <\/a>\n        <\/div>\n        <div class=\"job-actions\">\n            <div class=\"buttons\">\n                                <a href=\"https:\/\/eurorekruter.com\/fr\/job\/sales-manager-france-h-f-d-solutions-modulaires-b2b\/\" target=\"_blank\" class=\"button job-apply-now\">Job details<\/a>\n                <a class=\"job-watched\" data-jobid=\"11842\" href=\"javascript:null\"><\/a>\n                <span class=\"w-hint jobid-11842\" ><\/span>\n            <\/div>\n        <\/div>\n    <\/div>\n<\/li><li class=\"post-11760 job_listing type-job_listing status-publish has-post-thumbnail hentry job-type-cdi\" data-longitude=\"\" data-latitude=\"\">\n    <div class=\"job-container\">\n                <div class=\"job-company-logo\">\n            <a href=\"https:\/\/eurorekruter.com\/fr\/job\/directeur-des-operations-france-h-f-d\/\" target=\"_blank\">\n                            <img decoding=\"async\" class=\"company_logo\" src=\"https:\/\/eurorekruter.com\/wp-content\/uploads\/2023\/09\/gbo-gross-150x150.jpg\" alt=\"Directeur des Op\u00e9rations France (H\/F\/D)\">\n                    <\/a>\n            <div class=\"grid-show heading-left\">\n                <div class=\"company\">GBO Human Resources<\/div>\n                <div class=\"date\"><time datetime=\"2025-12-09\">Posted 4 mois ago<\/time><\/div>\n                            <\/div>\n        <\/div>        \n        <div class=\"job-content\">\n            <a href=\"https:\/\/eurorekruter.com\/fr\/job\/directeur-des-operations-france-h-f-d\/\" target=\"_blank\">\n                <div class=\"position\">\n                    <h2 class=\"maxtitle-2\">Directeur des Op\u00e9rations France (H\/F\/D)<\/h2>\n                <\/div>\n                <ul class=\"meta\">\n                                        <li class=\"grid-hide company\">\n                        GBO Human Resources                                            <\/li>\n                    <li class=\"location\">\n                        Brumath (67), FR                    <\/li>\n                                                                                                <li class=\"job-type contrat-de-travail-a-duree-indeterminee\">CDI<\/li>\n                                                                                <\/ul>\n            <\/a>\n        <\/div>\n        <div class=\"job-actions\">\n            <div class=\"buttons\">\n                                <a href=\"https:\/\/eurorekruter.com\/fr\/job\/directeur-des-operations-france-h-f-d\/\" target=\"_blank\" class=\"button job-apply-now\">Job details<\/a>\n                <a class=\"job-watched\" data-jobid=\"11760\" href=\"javascript:null\"><\/a>\n                <span class=\"w-hint jobid-11760\" ><\/span>\n            <\/div>\n        <\/div>\n    <\/div>\n<\/li><\/ul>\n<\/div><\/div>\n\t\t\t\t<\/div>\n\t\t\t\t<\/div>\n\t\t\t\t\t<\/div>\n\t\t<\/div>\n\t\t\t\t\t<\/div>\n\t\t<\/section>\n\t\t\n        \t\t<\/div>\n\t\t","protected":false},"excerpt":{"rendered":"","protected":false},"author":2,"featured_media":0,"parent":0,"menu_order":0,"comment_status":"closed","ping_status":"closed","template":"elementor_header_footer","meta":{"_acf_changed":false,"rank_math_lock_modified_date":false,"footnotes":""},"class_list":["post-8153","page","type-page","status-publish","hentry"],"acf":[],"_links":{"self":[{"href":"https:\/\/eurorekruter.com\/fr\/wp-json\/wp\/v2\/pages\/8153","targetHints":{"allow":["GET"]}}],"collection":[{"href":"https:\/\/eurorekruter.com\/fr\/wp-json\/wp\/v2\/pages"}],"about":[{"href":"https:\/\/eurorekruter.com\/fr\/wp-json\/wp\/v2\/types\/page"}],"author":[{"embeddable":true,"href":"https:\/\/eurorekruter.com\/fr\/wp-json\/wp\/v2\/users\/2"}],"replies":[{"embeddable":true,"href":"https:\/\/eurorekruter.com\/fr\/wp-json\/wp\/v2\/comments?post=8153"}],"version-history":[{"count":7,"href":"https:\/\/eurorekruter.com\/fr\/wp-json\/wp\/v2\/pages\/8153\/revisions"}],"predecessor-version":[{"id":9883,"href":"https:\/\/eurorekruter.com\/fr\/wp-json\/wp\/v2\/pages\/8153\/revisions\/9883"}],"wp:attachment":[{"href":"https:\/\/eurorekruter.com\/fr\/wp-json\/wp\/v2\/media?parent=8153"}],"curies":[{"name":"wp","href":"https:\/\/api.w.org\/{rel}","templated":true}]}}